{"id":881,"date":"2023-07-22T15:26:58","date_gmt":"2023-07-22T15:26:58","guid":{"rendered":"http:\/\/localhost:8888\/?page_id=881"},"modified":"2024-12-08T12:06:59","modified_gmt":"2024-12-08T12:06:59","slug":"dienstleistungen","status":"publish","type":"page","link":"https:\/\/lem-design.at\/?page_id=881","title":{"rendered":"Dienstleistungen"},"content":{"rendered":"\t\t<div data-elementor-type=\"wp-page\" data-elementor-id=\"881\" class=\"elementor elementor-881\">\n\t\t\t\t\t\t<section class=\"elementor-section elementor-top-section elementor-element elementor-element-16e0178 elementor-section-full_width elementor-section-height-default elementor-section-height-default\" data-id=\"16e0178\" data-element_type=\"section\" data-e-type=\"section\">\n\t\t\t\t\t\t<div class=\"elementor-container elementor-column-gap-no\">\n\t\t\t\t\t<div class=\"elementor-column elementor-col-100 elementor-top-column elementor-element elementor-element-6f36547\" data-id=\"6f36547\" data-element_type=\"column\" data-e-type=\"column\">\n\t\t\t<div class=\"elementor-widget-wrap elementor-element-populated\">\n\t\t\t\t\t\t<div class=\"elementor-element elementor-element-e6e1ffa elementor-widget elementor-widget-lettery-intro\" data-id=\"e6e1ffa\" data-element_type=\"widget\" data-e-type=\"widget\" data-widget_type=\"lettery-intro.default\">\n\t\t\t\t<div class=\"elementor-widget-container\">\n\t\t\t\t\t\n\t\t<!-- intro -->\n\t\t<div class=\"mil-small-banner\">\n\t\t\t<div class=\"mil-image-frame\">\n\t\t\t\t<!-- banner image -->\n\t\t\t\t\t\t\t\t<img decoding=\"async\" src=\"https:\/\/lem-design.at\/wp-content\/uploads\/2023\/07\/content-13.jpg\" alt=\"\" class=\"mil-scale-img\" data-value-1=\".5\" data-value-2=\"1.2\" \/>\n\t\t\t\t\t\t\t\t<div class=\"mil-gradient-overlay-reverse\"><\/div>\n\t\t\t<\/div>\n\t\t<\/div>\n\n\t\t<div class=\"mil-spacer\"><\/div>\n\t\t<!-- intro end -->\n\n\t\t\t\t\t\t<\/div>\n\t\t\t\t<\/div>\n\t\t\t\t\t<\/div>\n\t\t<\/div>\n\t\t\t\t\t<\/div>\n\t\t<\/section>\n\t\t\t\t<section class=\"elementor-section elementor-top-section elementor-element elementor-element-3ad919a elementor-section-boxed elementor-section-height-default elementor-section-height-default\" data-id=\"3ad919a\" data-element_type=\"section\" data-e-type=\"section\">\n\t\t\t\t\t\t<div class=\"elementor-container elementor-column-gap-default\">\n\t\t\t\t\t<div class=\"elementor-column elementor-col-100 elementor-top-column elementor-element elementor-element-b26525e\" data-id=\"b26525e\" data-element_type=\"column\" data-e-type=\"column\">\n\t\t\t<div class=\"elementor-widget-wrap elementor-element-populated\">\n\t\t\t\t\t\t<section class=\"elementor-section elementor-inner-section elementor-element elementor-element-25fcb00 elementor-section-full_width elementor-section-height-default elementor-section-height-default\" data-id=\"25fcb00\" data-element_type=\"section\" data-e-type=\"section\">\n\t\t\t\t\t\t<div class=\"elementor-container elementor-column-gap-no\">\n\t\t\t\t\t<div class=\"elementor-column elementor-col-50 elementor-inner-column elementor-element elementor-element-c8488d7\" data-id=\"c8488d7\" data-element_type=\"column\" data-e-type=\"column\">\n\t\t\t<div class=\"elementor-widget-wrap elementor-element-populated\">\n\t\t\t\t\t\t<div class=\"elementor-element elementor-element-17882cc elementor-widget elementor-widget-lettery-about-us\" data-id=\"17882cc\" data-element_type=\"widget\" data-e-type=\"widget\" data-widget_type=\"lettery-about-us.default\">\n\t\t\t\t<div class=\"elementor-widget-container\">\n\t\t\t\t\t\n\t\t\t\t<span class=\"mil-link mil-softened-60 mil-appearance mil-mb-30\">\n\t\t\t<span >\n\t\t\t\tService\t\t\t<\/span>\n\t\t<\/span>\n\t\t\n\t\t\t\t<h3 class=\"mil-h3 mil-title-el mil-appearance mil-mb-30\">\n\t\t\t<span >\n\t\t\t\tDienstleistungen\t\t\t<\/span>\n\t\t<\/h3>\n\t\t\n\t\t\t\t\t\t<\/div>\n\t\t\t\t<\/div>\n\t\t\t\t<div class=\"elementor-element elementor-element-0baa062 elementor-widget elementor-widget-lettery-description\" data-id=\"0baa062\" data-element_type=\"widget\" data-e-type=\"widget\" data-widget_type=\"lettery-description.default\">\n\t\t\t\t<div class=\"elementor-widget-container\">\n\t\t\t\t\t\n\t\t\t\t<div class=\"mil-text mil-appearance mil-mb-30\">\n\t\t\t<div >\n\t\t\t\t<p>Willkommen bei Lem Design, wo Ihre K\u00fcchentr\u00e4ume Wirklichkeit werden! Unsere Dienstleistungen bieten nicht nur individuelle K\u00fcchenplanung und hochwertige Montage, sondern auch eine inspirierende Materialberatung und die M\u00f6glichkeit zur Renovierung. Lassen Sie sich von uns motivieren, Ihre K\u00fcche in einen stilvollen und funktionalen Lebensraum zu verwandeln<\/p><p>At Lettery, we're committed to providing our clients with the highest level of service and support. Contact us today to learn more about how we can help you achieve your content and social media goals.<\/p>\t\t\t<\/div>\n\t\t<\/div>\n\t\t\n\t\t\t\t\t\t<\/div>\n\t\t\t\t<\/div>\n\t\t\t\t<div class=\"elementor-element elementor-element-24e97e8 elementor-widget-divider--view-line elementor-widget elementor-widget-divider\" data-id=\"24e97e8\" data-element_type=\"widget\" data-e-type=\"widget\" data-widget_type=\"divider.default\">\n\t\t\t\t<div class=\"elementor-widget-container\">\n\t\t\t\t\t\t\t<div class=\"elementor-divider\">\n\t\t\t<span class=\"elementor-divider-separator\">\n\t\t\t\t\t\t<\/span>\n\t\t<\/div>\n\t\t\t\t\t\t<\/div>\n\t\t\t\t<\/div>\n\t\t\t\t\t<\/div>\n\t\t<\/div>\n\t\t\t\t<div class=\"elementor-column elementor-col-50 elementor-inner-column elementor-element elementor-element-e5bd60a\" data-id=\"e5bd60a\" data-element_type=\"column\" data-e-type=\"column\">\n\t\t\t<div class=\"elementor-widget-wrap elementor-element-populated\">\n\t\t\t\t\t\t<div class=\"elementor-element elementor-element-9395a7f elementor-widget elementor-widget-lettery-services-grid\" data-id=\"9395a7f\" data-element_type=\"widget\" data-e-type=\"widget\" data-widget_type=\"lettery-services-grid.default\">\n\t\t\t\t<div class=\"elementor-widget-container\">\n\t\t\t\t\t\n\t\t<!-- services -->\n\t\t\t\t<div class=\"row\">\n\t\t\t\t\t\t<div class=\"col-lg-6 col-md-6 col-sm-12\">\n\n\t\t\t\t<!-- service card -->\n\t\t\t\t<a href=\"\/services\/website-content\" class=\"mil-service-card mil-appearance mil-icon-2-trigger mil-mb-30\">\n\t\t\t\t\t<div class=\"mil-card-content\">\n\t\t\t\t\t\t\t\t\t\t\t\t<!-- icon -->\n\t\t\t\t\t\t<img decoding=\"async\" src=\"https:\/\/lem-design.at\/wp-content\/uploads\/2023\/07\/icon-6.svg\" alt=\"Individuelle K\u00fcchenplanung:\n\" class=\"mil-card-icon\" \/>\n\t\t\t\t\t\t\t\t\t\t\t\t<div>\n\t\t\t\t\t\t\t<!-- text -->\n\t\t\t\t\t\t\t\t\t\t\t\t\t\t<h5 class=\"mil-mb-10\">\n\t\t\t\t\t\t\t\t<span >\n\t\t\t\t\t\t\t\t\tIndividuelle K\u00fcchenplanung:\n\t\t\t\t\t\t\t\t<\/span>\n\t\t\t\t\t\t\t<\/h5>\n\t\t\t\t\t\t\t\t\t\t\t\t\t\t\t\t\t\t\t\t\t<p class=\"mil-softened-40\">\n\t\t\t\t\t\t\t\t<span >\n\t\t\t\t\t\t\t\t\tUnsere Experten erstellen ma\u00dfgeschneiderte K\u00fcchenkonzepte, die sich nahtlos in Ihr Zuhause integrieren. Von modern bis klassisch - wir gestalten K\u00fcchen, die Ihren pers\u00f6nlichen Stil und funktionale Anforderungen perfekt widerspiegeln.\t\t\t\t\t\t\t\t<\/span>\n\t\t\t\t\t\t\t<\/p>\n\t\t\t\t\t\t\t\t\t\t\t\t\t<\/div>\n\t\t\t\t\t<\/div>\n\t\t\t\t<\/a>\n\t\t\t\t<!-- service card end -->\n\n\t\t\t<\/div>\n\t\t\t\t\t\t<div class=\"col-lg-6 col-md-6 col-sm-12\">\n\n\t\t\t\t<!-- service card -->\n\t\t\t\t<a href=\"\/services\/blog-articles\" class=\"mil-service-card mil-appearance mil-icon-2-trigger mil-mb-30\">\n\t\t\t\t\t<div class=\"mil-card-content\">\n\t\t\t\t\t\t\t\t\t\t\t\t<!-- icon -->\n\t\t\t\t\t\t<img decoding=\"async\" src=\"https:\/\/lem-design.at\/wp-content\/uploads\/2023\/06\/icons-1.svg\" alt=\"Professionelle Montage:\" class=\"mil-card-icon\" \/>\n\t\t\t\t\t\t\t\t\t\t\t\t<div>\n\t\t\t\t\t\t\t<!-- text -->\n\t\t\t\t\t\t\t\t\t\t\t\t\t\t<h5 class=\"mil-mb-10\">\n\t\t\t\t\t\t\t\t<span >\n\t\t\t\t\t\t\t\t\tProfessionelle Montage:\t\t\t\t\t\t\t\t<\/span>\n\t\t\t\t\t\t\t<\/h5>\n\t\t\t\t\t\t\t\t\t\t\t\t\t\t\t\t\t\t\t\t\t<p class=\"mil-softened-40\">\n\t\t\t\t\t\t\t\t<span >\n\t\t\t\t\t\t\t\t\tUnser erfahrenes Team \u00fcbernimmt die pr\u00e4zise und fachgerechte Montage Ihrer neuen K\u00fcche. Von der Anpassung der Schr\u00e4nke bis zur Installation von Ger\u00e4ten \u2013 wir sorgen f\u00fcr ein makelloses Endergebnis.\t\t\t\t\t\t\t\t<\/span>\n\t\t\t\t\t\t\t<\/p>\n\t\t\t\t\t\t\t\t\t\t\t\t\t<\/div>\n\t\t\t\t\t<\/div>\n\t\t\t\t<\/a>\n\t\t\t\t<!-- service card end -->\n\n\t\t\t<\/div>\n\t\t\t\t\t\t<div class=\"col-lg-6 col-md-6 col-sm-12\">\n\n\t\t\t\t<!-- service card -->\n\t\t\t\t<a href=\"\/services\/product-captions\" class=\"mil-service-card mil-appearance mil-icon-2-trigger mil-mb-30\">\n\t\t\t\t\t<div class=\"mil-card-content\">\n\t\t\t\t\t\t\t\t\t\t\t\t<!-- icon -->\n\t\t\t\t\t\t<img decoding=\"async\" src=\"https:\/\/lem-design.at\/wp-content\/uploads\/2023\/06\/icons-3.svg\" alt=\"Renovierung und Modernisierung:\" class=\"mil-card-icon\" \/>\n\t\t\t\t\t\t\t\t\t\t\t\t<div>\n\t\t\t\t\t\t\t<!-- text -->\n\t\t\t\t\t\t\t\t\t\t\t\t\t\t<h5 class=\"mil-mb-10\">\n\t\t\t\t\t\t\t\t<span >\n\t\t\t\t\t\t\t\t\tRenovierung und Modernisierung:\t\t\t\t\t\t\t\t<\/span>\n\t\t\t\t\t\t\t<\/h5>\n\t\t\t\t\t\t\t\t\t\t\t\t\t\t\t\t\t\t\t\t\t<p class=\"mil-softened-40\">\n\t\t\t\t\t\t\t\t<span >\n\t\t\t\t\t\t\t\t\tNeben der Neugestaltung bieten wir auch Renovierungsdienstleistungen an. Ob kleine \u00c4nderungen oder umfassende Modernisierung, wir verwandeln bestehende K\u00fcchen in zeitgem\u00e4\u00dfe, funktionale R\u00e4ume, die den aktuellen Trends entsprechen.\n\n\n\n\n\n\t\t\t\t\t\t\t\t<\/span>\n\t\t\t\t\t\t\t<\/p>\n\t\t\t\t\t\t\t\t\t\t\t\t\t<\/div>\n\t\t\t\t\t<\/div>\n\t\t\t\t<\/a>\n\t\t\t\t<!-- service card end -->\n\n\t\t\t<\/div>\n\t\t\t\t\t\t<div class=\"col-lg-6 col-md-6 col-sm-12\">\n\n\t\t\t\t<!-- service card -->\n\t\t\t\t<a href=\"\/services\/email-writing\" class=\"mil-service-card mil-appearance mil-icon-2-trigger mil-mb-30\">\n\t\t\t\t\t<div class=\"mil-card-content\">\n\t\t\t\t\t\t\t\t\t\t\t\t<!-- icon -->\n\t\t\t\t\t\t<img decoding=\"async\" src=\"https:\/\/lem-design.at\/wp-content\/uploads\/2023\/07\/icon-5.svg\" alt=\"Materialberatung und Auswahl:\" class=\"mil-card-icon\" \/>\n\t\t\t\t\t\t\t\t\t\t\t\t<div>\n\t\t\t\t\t\t\t<!-- text -->\n\t\t\t\t\t\t\t\t\t\t\t\t\t\t<h5 class=\"mil-mb-10\">\n\t\t\t\t\t\t\t\t<span >\n\t\t\t\t\t\t\t\t\tMaterialberatung und Auswahl:\t\t\t\t\t\t\t\t<\/span>\n\t\t\t\t\t\t\t<\/h5>\n\t\t\t\t\t\t\t\t\t\t\t\t\t\t\t\t\t\t\t\t\t<p class=\"mil-softened-40\">\n\t\t\t\t\t\t\t\t<span >\n\t\t\t\t\t\t\t\t\tWir bieten umfassende Beratung bei der Auswahl hochwertiger Materialien f\u00fcr Korpusse, Fronten und Arbeitsplatten. Unsere Experten helfen Ihnen, die besten Optionen zu finden, die sowohl \u00e4sthetisch als auch funktional Ihren Bed\u00fcrfnissen entsprechen.\t\t\t\t\t\t\t\t<\/span>\n\t\t\t\t\t\t\t<\/p>\n\t\t\t\t\t\t\t\t\t\t\t\t\t<\/div>\n\t\t\t\t\t<\/div>\n\t\t\t\t<\/a>\n\t\t\t\t<!-- service card end -->\n\n\t\t\t<\/div>\n\t\t\t\t\t<\/div>\n\t\t        <!-- services end -->\n\n\t\t\t\t\t\t<\/div>\n\t\t\t\t<\/div>\n\t\t\t\t\t<\/div>\n\t\t<\/div>\n\t\t\t\t\t<\/div>\n\t\t<\/section>\n\t\t\t\t\t<\/div>\n\t\t<\/div>\n\t\t\t\t\t<\/div>\n\t\t<\/section>\n\t\t\t\t<section class=\"elementor-section elementor-top-section elementor-element elementor-element-d11a999 elementor-section-boxed elementor-section-height-default elementor-section-height-default\" data-id=\"d11a999\" data-element_type=\"section\" data-e-type=\"section\" data-settings=\"{&quot;background_background&quot;:&quot;classic&quot;}\">\n\t\t\t\t\t\t<div class=\"elementor-container elementor-column-gap-default\">\n\t\t\t\t\t<div class=\"elementor-column elementor-col-50 elementor-top-column elementor-element elementor-element-2940702\" data-id=\"2940702\" data-element_type=\"column\" data-e-type=\"column\">\n\t\t\t<div class=\"elementor-widget-wrap elementor-element-populated\">\n\t\t\t\t\t\t<div class=\"elementor-element elementor-element-682fc92 elementor-widget elementor-widget-lettery-about-us\" data-id=\"682fc92\" data-element_type=\"widget\" data-e-type=\"widget\" data-widget_type=\"lettery-about-us.default\">\n\t\t\t\t<div class=\"elementor-widget-container\">\n\t\t\t\t\t\n\t\t\t\t<span class=\"mil-link mil-accent mil-appearance mil-mb-30\">\n\t\t\t<span >\n\t\t\t\tPrices\t\t\t<\/span>\n\t\t<\/span>\n\t\t\n\t\t\t\t<h3 class=\"mil-h3 mil-title-el mil-appearance mil-mb-30\">\n\t\t\t<span >\n\t\t\t\tMaximale Qualit\u00e4t, Minimaler Preis: Entdecken Sie Unsere Optimierten Preispl\u00e4ne\t\t\t<\/span>\n\t\t<\/h3>\n\t\t\n\t\t\t\t\t\t<\/div>\n\t\t\t\t<\/div>\n\t\t\t\t\t<\/div>\n\t\t<\/div>\n\t\t\t\t<div class=\"elementor-column elementor-col-50 elementor-top-column elementor-element elementor-element-b36cffe\" data-id=\"b36cffe\" data-element_type=\"column\" data-e-type=\"column\">\n\t\t\t<div class=\"elementor-widget-wrap elementor-element-populated\">\n\t\t\t\t\t\t<div class=\"elementor-element elementor-element-c8852c2 elementor-widget elementor-widget-lettery-description\" data-id=\"c8852c2\" data-element_type=\"widget\" data-e-type=\"widget\" data-widget_type=\"lettery-description.default\">\n\t\t\t\t<div class=\"elementor-widget-container\">\n\t\t\t\t\t\n\t\t\t\t<div class=\"mil-text mil-appearance mil-mb-30\">\n\t\t\t<div >\n\t\t\t\t<p>Unsere optimierten Preispl\u00e4ne bieten Ihnen die maximale Qualit\u00e4t zum minimalen Preis. Bei [Firmenname] verstehen wir, dass erstklassiges K\u00fcchendesign und Montage erschwinglich sein k\u00f6nnen. Mit klaren und transparenten Preisstrukturen erm\u00f6glichen wir es Ihnen, Ihre Traumk\u00fcche zu einem erschwinglichen Preis zu realisieren. Entdecken Sie unsere ma\u00dfgeschneiderten L\u00f6sungen, die Stil, Funktionalit\u00e4t und Kosteneffizienz miteinander vereinen. Machen Sie Ihren K\u00fcchentraum wahr \u2013 zu einem Preis, der Sie begeistern wird<\/p>\t\t\t<\/div>\n\t\t<\/div>\n\t\t\n\t\t\t\t\t\t<\/div>\n\t\t\t\t<\/div>\n\t\t\t\t<div class=\"elementor-element elementor-element-80579bf elementor-widget elementor-widget-lettery-buttons\" data-id=\"80579bf\" data-element_type=\"widget\" data-e-type=\"widget\" data-widget_type=\"lettery-buttons.default\">\n\t\t\t\t<div class=\"elementor-widget-container\">\n\t\t\t\t\t\t\t\n\t\t\t\t<!-- buttons -->\n\t\t<div class=\"mil-appearance\">\n\t\t\t\t\t\t\t\t\t<a href=\"\/contact\" class=\"mil-link-hover\">\n\t\t\t\t<span >\n\t\t\t\t\tKontakt\t\t\t\t<\/span>\n\t\t\t<\/a>\n\t\t\t\t\t\t\t\t<\/div>\n\t\t<!-- buttons end -->\n\t\t\n\t\t\t\t\t\t<\/div>\n\t\t\t\t<\/div>\n\t\t\t\t\t<\/div>\n\t\t<\/div>\n\t\t\t\t\t<\/div>\n\t\t<\/section>\n\t\t\t\t<section class=\"elementor-section elementor-top-section elementor-element elementor-element-cfc3ba7 elementor-section-full_width elementor-section-height-default elementor-section-height-default\" data-id=\"cfc3ba7\" data-element_type=\"section\" data-e-type=\"section\">\n\t\t\t\t\t\t<div class=\"elementor-container elementor-column-gap-no\">\n\t\t\t\t\t<div class=\"elementor-column elementor-col-100 elementor-top-column elementor-element elementor-element-0048ae6\" data-id=\"0048ae6\" data-element_type=\"column\" data-e-type=\"column\">\n\t\t\t<div class=\"elementor-widget-wrap elementor-element-populated\">\n\t\t\t\t\t\t<div class=\"elementor-element elementor-element-34b017f elementor-widget elementor-widget-lettery-cta\" data-id=\"34b017f\" data-element_type=\"widget\" data-e-type=\"widget\" data-widget_type=\"lettery-cta.default\">\n\t\t\t\t<div class=\"elementor-widget-container\">\n\t\t\t\t\t\n\t\t<div class=\"mil-accent-bg\">\n\t\t\t<div class=\"container mil-p-60-30\">\n\t\t\t\t<div class=\"row align-items-center\">\n\t\t\t\t\t<div class=\"col-lg-9 mil-mb-30\">\n\t\t\t\t\t\t\t\t\t\t\t\t<h4 class=\"mil-buttons-space\">\n\t\t\t\t\t\t\t<span >\n\t\t\t\t\t\t\t\tEntdecken Sie Unsere Optimierten Preispl\u00e4ne\t\t\t\t\t\t\t<\/span>\n\t\t\t\t\t\t<\/h4>\n\t\t\t\t\t\t\t\t\t\t\t<\/div>\n\t\t\t\t\t<div class=\"col-lg-3 mil-mb-30\">\n\t\t\t\t\t\t\t\t\t\t\t\t<a href=\"https:\/\/www.lem-design.at\/?page_id=1505\" class=\"mil-float-right mil-button mil-button-lg mil-button-dark mil-scale-down-trigger mil-accent-trigger\">\n\t\t\t\t\t\t\t<span >\n\t\t\t\t\t\t\t\tKontakt\t\t\t\t\t\t\t<\/span>\n\t\t\t\t\t\t<\/a>\n\t\t\t\t\t\t\t\t\t\t\t<\/div>\n\t\t\t\t<\/div>\n\t\t\t<\/div>\n\t\t<\/div>\n\n\t\t\t\t\t\t<\/div>\n\t\t\t\t<\/div>\n\t\t\t\t\t<\/div>\n\t\t<\/div>\n\t\t\t\t\t<\/div>\n\t\t<\/section>\n\t\t\t\t<\/div>\n\t\t","protected":false},"excerpt":{"rendered":"<p>Service Dienstleistungen Willkommen bei Lem Design, wo Ihre K\u00fcchentr\u00e4ume Wirklichkeit werden! Unsere Dienstleistungen bieten nicht nur individuelle K\u00fcchenplanung und hochwertige.. <span class=\"mil-el-more\"><a href=\"https:\/\/lem-design.at\/?page_id=881\" class=\"mil-button mil-button-lg\"><span>Read more<\/span><\/a><\/span><\/p>\n","protected":false},"author":1,"featured_media":0,"parent":0,"menu_order":0,"comment_status":"closed","ping_status":"closed","template":"template-layout-builder.php","meta":{"_acf_changed":false,"om_disable_all_campaigns":false,"_monsterinsights_skip_tracking":false,"_monsterinsights_sitenote_active":false,"_monsterinsights_sitenote_note":"","_monsterinsights_sitenote_category":0,"footnotes":""},"class_list":["post-881","page","type-page","status-publish","hentry"],"acf":[],"aioseo_notices":[],"_links":{"self":[{"href":"https:\/\/lem-design.at\/index.php?rest_route=\/wp\/v2\/pages\/881","targetHints":{"allow":["GET"]}}],"collection":[{"href":"https:\/\/lem-design.at\/index.php?rest_route=\/wp\/v2\/pages"}],"about":[{"href":"https:\/\/lem-design.at\/index.php?rest_route=\/wp\/v2\/types\/page"}],"author":[{"embeddable":true,"href":"https:\/\/lem-design.at\/index.php?rest_route=\/wp\/v2\/users\/1"}],"replies":[{"embeddable":true,"href":"https:\/\/lem-design.at\/index.php?rest_route=%2Fwp%2Fv2%2Fcomments&post=881"}],"version-history":[{"count":14,"href":"https:\/\/lem-design.at\/index.php?rest_route=\/wp\/v2\/pages\/881\/revisions"}],"predecessor-version":[{"id":2771,"href":"https:\/\/lem-design.at\/index.php?rest_route=\/wp\/v2\/pages\/881\/revisions\/2771"}],"wp:attachment":[{"href":"https:\/\/lem-design.at\/index.php?rest_route=%2Fwp%2Fv2%2Fmedia&parent=881"}],"curies":[{"name":"wp","href":"https:\/\/api.w.org\/{rel}","templated":true}]}}