{"id":454,"date":"2023-07-20T20:55:04","date_gmt":"2023-07-20T20:55:04","guid":{"rendered":"http:\/\/localhost:8888\/?page_id=454"},"modified":"2023-12-23T18:22:39","modified_gmt":"2023-12-23T18:22:39","slug":"about-2","status":"publish","type":"page","link":"https:\/\/lem-design.at\/?page_id=454","title":{"rendered":"IMPRESUM"},"content":{"rendered":"\t\t<div data-elementor-type=\"wp-page\" data-elementor-id=\"454\" class=\"elementor elementor-454\">\n\t\t\t\t\t\t<section class=\"elementor-section elementor-top-section elementor-element elementor-element-4dd1eae elementor-section-full_width elementor-section-height-default elementor-section-height-default\" data-id=\"4dd1eae\" data-element_type=\"section\" data-e-type=\"section\">\n\t\t\t\t\t\t<div class=\"elementor-container elementor-column-gap-no\">\n\t\t\t\t\t<div class=\"elementor-column elementor-col-100 elementor-top-column elementor-element elementor-element-48ff1be\" data-id=\"48ff1be\" data-element_type=\"column\" data-e-type=\"column\">\n\t\t\t<div class=\"elementor-widget-wrap elementor-element-populated\">\n\t\t\t\t\t\t<div class=\"elementor-element elementor-element-8c57e71 elementor-widget elementor-widget-lettery-intro\" data-id=\"8c57e71\" data-element_type=\"widget\" data-e-type=\"widget\" data-widget_type=\"lettery-intro.default\">\n\t\t\t\t<div class=\"elementor-widget-container\">\n\t\t\t\t\t\n\t\t<!-- intro -->\n\t\t<div class=\"mil-small-banner\">\n\t\t\t<div class=\"mil-image-frame\">\n\t\t\t\t<!-- banner image -->\n\t\t\t\t\t\t\t\t<img decoding=\"async\" src=\"https:\/\/lem-design.at\/wp-content\/uploads\/2023\/07\/blog3-2-scaled-1-1920x1280.jpg\" alt=\"\" class=\"mil-scale-img\" data-value-1=\".5\" data-value-2=\"1.2\" \/>\n\t\t\t\t\t\t\t\t<div class=\"mil-gradient-overlay-reverse\"><\/div>\n\t\t\t<\/div>\n\t\t<\/div>\n\n\t\t<div class=\"mil-spacer\"><\/div>\n\t\t<!-- intro end -->\n\n\t\t\t\t\t\t<\/div>\n\t\t\t\t<\/div>\n\t\t\t\t\t<\/div>\n\t\t<\/div>\n\t\t\t\t\t<\/div>\n\t\t<\/section>\n\t\t\t\t<section class=\"elementor-section elementor-top-section elementor-element elementor-element-dc11c59 elementor-section-boxed elementor-section-height-default elementor-section-height-default\" data-id=\"dc11c59\" data-element_type=\"section\" data-e-type=\"section\">\n\t\t\t\t\t\t<div class=\"elementor-container elementor-column-gap-no\">\n\t\t\t\t\t<div class=\"elementor-column elementor-col-100 elementor-top-column elementor-element elementor-element-e14ea22\" data-id=\"e14ea22\" data-element_type=\"column\" data-e-type=\"column\">\n\t\t\t<div class=\"elementor-widget-wrap elementor-element-populated\">\n\t\t\t\t\t\t<section class=\"elementor-section elementor-inner-section elementor-element elementor-element-a8eb78b elementor-section-full_width elementor-section-height-default elementor-section-height-default\" data-id=\"a8eb78b\" data-element_type=\"section\" data-e-type=\"section\">\n\t\t\t\t\t\t<div class=\"elementor-container elementor-column-gap-default\">\n\t\t\t\t\t<div class=\"elementor-column elementor-col-50 elementor-inner-column elementor-element elementor-element-bb3e85e\" data-id=\"bb3e85e\" data-element_type=\"column\" data-e-type=\"column\">\n\t\t\t<div class=\"elementor-widget-wrap elementor-element-populated\">\n\t\t\t\t\t\t<div class=\"elementor-element elementor-element-f2f8a83 elementor-widget elementor-widget-lettery-about-us\" data-id=\"f2f8a83\" data-element_type=\"widget\" data-e-type=\"widget\" data-widget_type=\"lettery-about-us.default\">\n\t\t\t\t<div class=\"elementor-widget-container\">\n\t\t\t\t\t\n\t\t\t\t<span class=\"mil-link mil-softened-60 mil-appearance mil-mb-30\">\n\t\t\t<span >\n\t\t\t\tuNSERE GESCHICHTE \t\t\t<\/span>\n\t\t<\/span>\n\t\t\n\t\t\t\t<h3 class=\"mil-h3 mil-title-el mil-appearance mil-mb-30\">\n\t\t\t<span >\n\t\t\t\tIMPRESSUM\t\t\t<\/span>\n\t\t<\/h3>\n\t\t\n\t\t\t\t\t\t<\/div>\n\t\t\t\t<\/div>\n\t\t\t\t<div class=\"elementor-element elementor-element-5acc8ea elementor-widget elementor-widget-lettery-description\" data-id=\"5acc8ea\" data-element_type=\"widget\" data-e-type=\"widget\" data-widget_type=\"lettery-description.default\">\n\t\t\t\t<div class=\"elementor-widget-container\">\n\t\t\t\t\t\n\t\t\t\t<div class=\"mil-text mil-appearance mil-mb-30\">\n\t\t\t<div >\n\t\t\t\t<h5><strong>Anschrift<\/strong>:<\/h5><p>Mehmed Paji\u0107<br \/>LEM Design - K\u00fcche und M\u00f6bel<\/p><h5><strong>Kontaktm\u00f6glichkeiten<\/strong>:<\/h5><p>info@.lem-design.at<br \/><strong>+43 6765811993<\/strong><\/p>\t\t\t<\/div>\n\t\t<\/div>\n\t\t\n\t\t\t\t\t\t<\/div>\n\t\t\t\t<\/div>\n\t\t\t\t\t<\/div>\n\t\t<\/div>\n\t\t\t\t<div class=\"elementor-column elementor-col-50 elementor-inner-column elementor-element elementor-element-13adf41\" data-id=\"13adf41\" data-element_type=\"column\" data-e-type=\"column\">\n\t\t\t<div class=\"elementor-widget-wrap elementor-element-populated\">\n\t\t\t\t\t\t<div class=\"elementor-element elementor-element-db2ed54 elementor-widget elementor-widget-lettery-collage\" data-id=\"db2ed54\" data-element_type=\"widget\" data-e-type=\"widget\" data-widget_type=\"lettery-collage.default\">\n\t\t\t\t<div class=\"elementor-widget-container\">\n\t\t\t\t\t\n\t\t<!-- collage -->\n\t\t<div class=\"mil-collage-1\">\n\t\t\t\t\t\t<div class=\"mil-circle-text-position\" style=\"bottom: 62%; left: -75px;\">\n\t\t\t\t<div class=\"mil-circle-text mil-rotate mil-accent-inside\" data-value=\"360\">\n\t\t\t\t\t<svg \n\t\t\t\t\t\tversion=\"1.1\" \n\t\t\t\t\t\txmlns=\"http:\/\/www.w3.org\/2000\/svg\"\n\t\t\t\t\t\txmlns:xlink=\"http:\/\/www.w3.org\/1999\/xlink\" \n\t\t\t\t\t\tx=\"0px\" \n\t\t\t\t\t\ty=\"0px\" \n\t\t\t\t\t\tviewBox=\"0 0 300 300\" \n\t\t\t\t\t\tenable-background=\"new 0 0 300 300\"\n\t\t\t\t\t\txml:space=\"preserve\">\n\t\t\t\t\t\t<defs>\n\t\t\t\t\t\t\t<path id=\"circlePath\" d=\"M 150, 150 m -60, 0 a 60,60 0 0,1 120,0 a 60,60 0 0,1 -120,0 \" \/>\n\t\t\t\t\t\t<\/defs>\n\t\t\t\t\t\t<circle cx=\"150\" cy=\"100\" r=\"75\" fill=\"none\" \/>\n\t\t\t\t\t\t<g>\n\t\t\t\t\t\t\t<use xlink:href=\"#circlePath\" fill=\"none\" \/>\n\t\t\t\t\t\t\t\t\t\t\t\t\t\t<text class=\"mil-link mil-dark\" style=\"letter-spacing: 5.5px\">\n\t\t\t\t\t\t\t\t<!-- circle text -->\n\t\t\t\t\t\t\t\t<textPath xlink:href=\"#circlePath\">About us - About us - about us - <\/textPath>\n\t\t\t\t\t\t\t<\/text>\n\t\t\t\t\t\t\t\t\t\t\t\t\t<\/g>\n\t\t\t\t\t<\/svg>\n\t\t\t\t<\/div>\n\t\t\t<\/div>\n\t\t\t\n\t\t\t\t\t\t<div class=\"mil-image-1 mil-appearance\">\n\t\t\t\t<div class=\"mil-just-image mil-image-square\">\n\t\t\t\t\t<!-- back image -->\n\t\t\t\t\t<img \n\t\t\t\t\t\tsrc=\"https:\/\/lem-design.at\/wp-content\/uploads\/2023\/06\/content-1.jpg\" \n\t\t\t\t\t\talt=\"\" \n\t\t\t\t\t\tclass=\"mil-scale-img\" \n\t\t\t\t\t\tdata-value-1=\"1\" \n\t\t\t\t\t\tdata-value-2=\"1.2\" \n\t\t\t\t\t\t\t\t\t\t\t\/>\n\t\t\t\t<\/div>\n\t\t\t<\/div>\n\t\t\t\t\t\t\t\t\t<div class=\"mil-image-2 mil-appearance\">\n\t\t\t\t<div class=\"mil-just-image\">\n\t\t\t\t\t<!-- front image -->\n\t\t\t\t\t<img \n\t\t\t\t\t\tsrc=\"https:\/\/lem-design.at\/wp-content\/uploads\/2023\/06\/content-2.jpg\" \n\t\t\t\t\t\talt=\"\"\n\t\t\t\t\t\tstyle=\"object-position: right\"\t\t\t\t\t\/>\n\t\t\t\t<\/div>\n\t\t\t<\/div>\n\t\t\t\t\t<\/div>\n\t\t<!-- collage end -->\n\n\t\t\t\t\t\t<\/div>\n\t\t\t\t<\/div>\n\t\t\t\t\t<\/div>\n\t\t<\/div>\n\t\t\t\t\t<\/div>\n\t\t<\/section>\n\t\t\t\t\t<\/div>\n\t\t<\/div>\n\t\t\t\t\t<\/div>\n\t\t<\/section>\n\t\t\t\t<section class=\"elementor-section elementor-top-section elementor-element elementor-element-693e27a elementor-section-boxed elementor-section-height-default elementor-section-height-default\" data-id=\"693e27a\" data-element_type=\"section\" data-e-type=\"section\">\n\t\t\t\t\t\t<div class=\"elementor-container elementor-column-gap-default\">\n\t\t\t\t\t<div class=\"elementor-column elementor-col-50 elementor-top-column elementor-element elementor-element-a0cf4a7\" data-id=\"a0cf4a7\" data-element_type=\"column\" data-e-type=\"column\">\n\t\t\t<div class=\"elementor-widget-wrap elementor-element-populated\">\n\t\t\t\t\t\t<div class=\"elementor-element elementor-element-6d5d9fa elementor-widget elementor-widget-lettery-about-us\" data-id=\"6d5d9fa\" data-element_type=\"widget\" data-e-type=\"widget\" data-widget_type=\"lettery-about-us.default\">\n\t\t\t\t<div class=\"elementor-widget-container\">\n\t\t\t\t\t\n\t\t\t\t<span class=\"mil-link mil-softened-60 mil-appearance mil-mb-30\">\n\t\t\t<span >\n\t\t\t\tOur story\t\t\t<\/span>\n\t\t<\/span>\n\t\t\n\t\t\t\t<h3 class=\"mil-h3 mil-title-el mil-appearance mil-mb-30\">\n\t\t\t<span >\n\t\t\t\tUnsere Materialien und Ausstattung:\t\t\t<\/span>\n\t\t<\/h3>\n\t\t\n\t\t\t\t\t\t<\/div>\n\t\t\t\t<\/div>\n\t\t\t\t\t<\/div>\n\t\t<\/div>\n\t\t\t\t<div class=\"elementor-column elementor-col-50 elementor-top-column elementor-element elementor-element-06ab5a6\" data-id=\"06ab5a6\" data-element_type=\"column\" data-e-type=\"column\">\n\t\t\t<div class=\"elementor-widget-wrap elementor-element-populated\">\n\t\t\t\t\t\t<section class=\"elementor-section elementor-inner-section elementor-element elementor-element-47e5019 elementor-section-full_width elementor-section-height-default elementor-section-height-default\" data-id=\"47e5019\" data-element_type=\"section\" data-e-type=\"section\">\n\t\t\t\t\t\t<div class=\"elementor-container elementor-column-gap-default\">\n\t\t\t\t\t<div class=\"elementor-column elementor-col-50 elementor-inner-column elementor-element elementor-element-412172e\" data-id=\"412172e\" data-element_type=\"column\" data-e-type=\"column\">\n\t\t\t<div class=\"elementor-widget-wrap elementor-element-populated\">\n\t\t\t\t\t\t<div class=\"elementor-element elementor-element-2c09031 elementor-widget elementor-widget-lettery-description\" data-id=\"2c09031\" data-element_type=\"widget\" data-e-type=\"widget\" data-widget_type=\"lettery-description.default\">\n\t\t\t\t<div class=\"elementor-widget-container\">\n\t\t\t\t\t\n\t\t\t\t<div class=\"mil-text mil-appearance mil-mb-30 mil-first-letter\">\n\t\t\t<div >\n\t\t\t\t<p>Willkommen bei Lem Design K\u00fcchen, Ihrem Experten f\u00fcr individuelles K\u00fcchendesign. Wir legen gro\u00dfen Wert darauf, unseren Kunden hochwertige Produkte anzubieten, die h\u00f6chsten \u00e4sthetischen und funktionalen Anspr\u00fcchen gerecht werden. Hier sind einige der Schl\u00fcsselelemente unserer Herstellungsprozesse:<\/p><p><strong>1. Korpusse:<\/strong> Unsere Korpusse werden standardm\u00e4\u00dfig aus wei\u00dfer glatter Spanplatte mit einer Dicke von 18 mm gefertigt, um Langlebigkeit und Stabilit\u00e4t zu gew\u00e4hrleisten. Auf besonderen Kundenwunsch k\u00f6nnen wir auch farbige Spanplatten verwenden, insbesondere anthrazitfarbene, perfekt abgestimmt auf Elemente mit schwarzen oder dunkelgrauen Fronten.<\/p><p>\u00a0<\/p>\t\t\t<\/div>\n\t\t<\/div>\n\t\t\n\t\t\t\t\t\t<\/div>\n\t\t\t\t<\/div>\n\t\t\t\t\t<\/div>\n\t\t<\/div>\n\t\t\t\t<div class=\"elementor-column elementor-col-50 elementor-inner-column elementor-element elementor-element-05cb630\" data-id=\"05cb630\" data-element_type=\"column\" data-e-type=\"column\">\n\t\t\t<div class=\"elementor-widget-wrap elementor-element-populated\">\n\t\t\t\t\t\t<div class=\"elementor-element elementor-element-114b620 elementor-widget elementor-widget-lettery-description\" data-id=\"114b620\" data-element_type=\"widget\" data-e-type=\"widget\" data-widget_type=\"lettery-description.default\">\n\t\t\t\t<div class=\"elementor-widget-container\">\n\t\t\t\t\t\n\t\t\t\t<div class=\"mil-text mil-appearance mil-mb-30\">\n\t\t\t<div >\n\t\t\t\t<p><strong>2. Fronten:<\/strong> Die Fronten unserer K\u00fcchenm\u00f6bel bestehen aus hochwertigem MDF (matt und gl\u00e4nzend) oder Spanplatten, je nach Ihren Vorlieben f\u00fcr Holz- oder Steindekoration. Die Dicke des MDF betr\u00e4gt in den meisten F\u00e4llen 18 mm, es sei denn, Sie w\u00e4hlen Produkte von REHAU, bei denen die Dicke 17,6 mm betr\u00e4gt.<\/p><p><strong>3. Bewegungs- und Griffausr\u00fcstung:<\/strong> F\u00fcr h\u00f6chste Qualit\u00e4t und Benutzerfreundlichkeit setzen wir auf bew\u00e4hrte Produkte von Blum f\u00fcr Scharniere, Schubladen und Klappen. Die Griffe gestalten wir mit eleganten Aluminiumprofilen im modernen \"Gola\"-Design.<\/p>\t\t\t<\/div>\n\t\t<\/div>\n\t\t\n\t\t\t\t\t\t<\/div>\n\t\t\t\t<\/div>\n\t\t\t\t\t<\/div>\n\t\t<\/div>\n\t\t\t\t\t<\/div>\n\t\t<\/section>\n\t\t\t\t\t<\/div>\n\t\t<\/div>\n\t\t\t\t\t<\/div>\n\t\t<\/section>\n\t\t\t\t<section class=\"elementor-section elementor-top-section elementor-element elementor-element-38eeaee elementor-section-full_width elementor-section-height-default elementor-section-height-default\" data-id=\"38eeaee\" data-element_type=\"section\" data-e-type=\"section\">\n\t\t\t\t\t\t<div class=\"elementor-container elementor-column-gap-no\">\n\t\t\t\t\t<div class=\"elementor-column elementor-col-100 elementor-top-column elementor-element elementor-element-507be20\" data-id=\"507be20\" data-element_type=\"column\" data-e-type=\"column\">\n\t\t\t<div class=\"elementor-widget-wrap\">\n\t\t\t\t\t\t\t<\/div>\n\t\t<\/div>\n\t\t\t\t\t<\/div>\n\t\t<\/section>\n\t\t\t\t<section class=\"elementor-section elementor-top-section elementor-element elementor-element-f2eee46 elementor-section-full_width elementor-section-height-default elementor-section-height-default\" data-id=\"f2eee46\" data-element_type=\"section\" data-e-type=\"section\">\n\t\t\t\t\t\t<div class=\"elementor-container elementor-column-gap-no\">\n\t\t\t\t\t<div class=\"elementor-column elementor-col-100 elementor-top-column elementor-element elementor-element-ca5ab25\" data-id=\"ca5ab25\" data-element_type=\"column\" data-e-type=\"column\">\n\t\t\t<div class=\"elementor-widget-wrap elementor-element-populated\">\n\t\t\t\t\t\t<div class=\"elementor-element elementor-element-1f15584 elementor-widget elementor-widget-lettery-cta\" data-id=\"1f15584\" data-element_type=\"widget\" data-e-type=\"widget\" data-widget_type=\"lettery-cta.default\">\n\t\t\t\t<div class=\"elementor-widget-container\">\n\t\t\t\t\t\n\t\t<div class=\"mil-accent-bg\">\n\t\t\t<div class=\"container mil-p-60-30\">\n\t\t\t\t<div class=\"row align-items-center\">\n\t\t\t\t\t<div class=\"col-lg-9 mil-mb-30\">\n\t\t\t\t\t\t\t\t\t\t\t\t<h4 class=\"mil-buttons-space\">\n\t\t\t\t\t\t\t<span >\n\t\t\t\t\t\t\t\tMa\u00dfgeschneiderte K\u00fcchen nach Ihren W\u00fcnschen\t\t\t\t\t\t\t<\/span>\n\t\t\t\t\t\t<\/h4>\n\t\t\t\t\t\t\t\t\t\t\t<\/div>\n\t\t\t\t\t<div class=\"col-lg-3 mil-mb-30\">\n\t\t\t\t\t\t\t\t\t\t\t\t<a href=\"\/contact\" class=\"mil-float-right mil-button mil-button-lg mil-button-dark mil-scale-down-trigger mil-accent-trigger\">\n\t\t\t\t\t\t\t<span >\n\t\t\t\t\t\t\t\tKontakt\t\t\t\t\t\t\t<\/span>\n\t\t\t\t\t\t<\/a>\n\t\t\t\t\t\t\t\t\t\t\t<\/div>\n\t\t\t\t<\/div>\n\t\t\t<\/div>\n\t\t<\/div>\n\n\t\t\t\t\t\t<\/div>\n\t\t\t\t<\/div>\n\t\t\t\t\t<\/div>\n\t\t<\/div>\n\t\t\t\t\t<\/div>\n\t\t<\/section>\n\t\t\t\t<section class=\"elementor-section elementor-top-section elementor-element elementor-element-f0cf9cb elementor-section-boxed elementor-section-height-default elementor-section-height-default\" data-id=\"f0cf9cb\" data-element_type=\"section\" data-e-type=\"section\">\n\t\t\t\t\t\t<div class=\"elementor-container elementor-column-gap-default\">\n\t\t\t\t\t<div class=\"elementor-column elementor-col-50 elementor-top-column elementor-element elementor-element-b0c3245\" data-id=\"b0c3245\" data-element_type=\"column\" data-e-type=\"column\">\n\t\t\t<div class=\"elementor-widget-wrap elementor-element-populated\">\n\t\t\t\t\t\t<div class=\"elementor-element elementor-element-78bed67 elementor-widget elementor-widget-lettery-about-us\" data-id=\"78bed67\" data-element_type=\"widget\" data-e-type=\"widget\" data-widget_type=\"lettery-about-us.default\">\n\t\t\t\t<div class=\"elementor-widget-container\">\n\t\t\t\t\t\n\t\t\t\t<span class=\"mil-link mil-accent mil-appearance mil-mb-30\">\n\t\t\t<span >\n\t\t\t\tOur blog\t\t\t<\/span>\n\t\t<\/span>\n\t\t\n\t\t\t\t<h3 class=\"mil-h3 mil-title-el mil-appearance mil-mb-30\">\n\t\t\t<span >\n\t\t\t\tDie Auswahl an Zusatzausstattungen liegt ganz bei Ihnen.\t\t\t<\/span>\n\t\t<\/h3>\n\t\t\n\t\t\t\t\t\t<\/div>\n\t\t\t\t<\/div>\n\t\t\t\t<div class=\"elementor-element elementor-element-ef3eedc elementor-widget elementor-widget-lettery-gallery-carousel\" data-id=\"ef3eedc\" data-element_type=\"widget\" data-e-type=\"widget\" data-widget_type=\"lettery-gallery-carousel.default\">\n\t\t\t\t<div class=\"elementor-widget-container\">\n\t\t\t\t\t\t\t\n\t\t<!-- gallery -->\n\t\t<div class=\"container\">\n\n\t\t\t<div class=\"swiper-container mil-gallery-slider mil-appearance\">\n\t\t\t\t\t\t\t\t<div class=\"swiper-wrapper\">\n\t\t\t\t\t\t\t\t\t\t<div class=\"swiper-slide\">\n\t\t\t\t\t\t\t\t\t\t\t\t<a data-no-swup href=\"https:\/\/lem-design.at\/wp-content\/uploads\/2023\/12\/lem_design_graz.jpg\" data-elementor-lightbox-slideshow=\"about-us-3-gallery\" data-elementor-lightbox-title=\"Image #1\" class=\"mil-just-image mil-image-hori mil-icon-3-trigger\">\n\t\t\t\t\t\t\t<img decoding=\"async\" src=\"https:\/\/lem-design.at\/wp-content\/uploads\/2023\/12\/lem_design_graz-950x1267.jpg\" alt=\"Image #1\" class=\"mil-scale-img\" data-value-1=\"1\" data-value-2=\"1.2\">\n\t\t\t\t\t\t<\/a>\n\t\t\t\t\t\t\t\t\t\t\t<\/div>\n\t\t\t\t\t\t\t\t\t\t<div class=\"swiper-slide\">\n\t\t\t\t\t\t\t\t\t\t\t\t<a data-no-swup href=\"https:\/\/lem-design.at\/wp-content\/uploads\/2023\/06\/content-9.png\" data-elementor-lightbox-slideshow=\"about-us-3-gallery\" data-elementor-lightbox-title=\"Image #2\" class=\"mil-just-image mil-image-hori mil-icon-3-trigger\">\n\t\t\t\t\t\t\t<img decoding=\"async\" src=\"https:\/\/lem-design.at\/wp-content\/uploads\/2023\/06\/content-9-950x633.png\" alt=\"Image #2\" class=\"mil-scale-img\" data-value-1=\"1\" data-value-2=\"1.2\">\n\t\t\t\t\t\t<\/a>\n\t\t\t\t\t\t\t\t\t\t\t<\/div>\n\t\t\t\t\t\t\t\t\t\t<div class=\"swiper-slide\">\n\t\t\t\t\t\t\t\t\t\t\t\t<a data-no-swup href=\"https:\/\/lem-design.at\/wp-content\/uploads\/2023\/06\/content-10.jpg\" data-elementor-lightbox-slideshow=\"about-us-3-gallery\" data-elementor-lightbox-title=\"Image #3\" class=\"mil-just-image mil-image-hori mil-icon-3-trigger\">\n\t\t\t\t\t\t\t<img decoding=\"async\" src=\"https:\/\/lem-design.at\/wp-content\/uploads\/2023\/06\/content-10-950x1425.jpg\" alt=\"Image #3\" class=\"mil-scale-img\" data-value-1=\"1\" data-value-2=\"1.2\">\n\t\t\t\t\t\t<\/a>\n\t\t\t\t\t\t\t\t\t\t\t<\/div>\n\t\t\t\t\t\t\t\t\t\t<div class=\"swiper-slide\">\n\t\t\t\t\t\t\t\t\t\t\t\t<a data-no-swup href=\"https:\/\/lem-design.at\/wp-content\/uploads\/2023\/06\/content-11.jpg\" data-elementor-lightbox-slideshow=\"about-us-3-gallery\" data-elementor-lightbox-title=\"Image #4\" class=\"mil-just-image mil-image-hori mil-icon-3-trigger\">\n\t\t\t\t\t\t\t<img decoding=\"async\" src=\"https:\/\/lem-design.at\/wp-content\/uploads\/2023\/06\/content-11-950x713.jpg\" alt=\"Image #4\" class=\"mil-scale-img\" data-value-1=\"1\" data-value-2=\"1.2\">\n\t\t\t\t\t\t<\/a>\n\t\t\t\t\t\t\t\t\t\t\t<\/div>\n\t\t\t\t\t\t\t\t\t<\/div>\n\t\t\t\t\t\t\t<\/div>\n\n\t\t<\/div>\n\t\t<!-- gallery end -->\n\n\t\t\t\t\t\t<\/div>\n\t\t\t\t<\/div>\n\t\t\t\t\t<\/div>\n\t\t<\/div>\n\t\t\t\t<div class=\"elementor-column elementor-col-50 elementor-top-column elementor-element elementor-element-3dd7d7e\" data-id=\"3dd7d7e\" data-element_type=\"column\" data-e-type=\"column\">\n\t\t\t<div class=\"elementor-widget-wrap elementor-element-populated\">\n\t\t\t\t\t\t<div class=\"elementor-element elementor-element-3a3a9ef elementor-widget elementor-widget-lettery-description\" data-id=\"3a3a9ef\" data-element_type=\"widget\" data-e-type=\"widget\" data-widget_type=\"lettery-description.default\">\n\t\t\t\t<div class=\"elementor-widget-container\">\n\t\t\t\t\t\n\t\t\t\t<div class=\"mil-text mil-appearance mil-mb-30\">\n\t\t\t<div >\n\t\t\t\t<p><br \/>Wir bieten eine breite Palette von Mechanismen zur Bewegung, Griffvarianten und weiteren Details. Von kosteng\u00fcnstigen bis zu hochwertigen Varianten \u2013 Ihre K\u00fcche, Ihre Wahl.<\/p>\t\t\t<\/div>\n\t\t<\/div>\n\t\t\n\t\t\t\t\t\t<\/div>\n\t\t\t\t<\/div>\n\t\t\t\t<div class=\"elementor-element elementor-element-3bf85e7 elementor-widget elementor-widget-lettery-buttons\" data-id=\"3bf85e7\" data-element_type=\"widget\" data-e-type=\"widget\" data-widget_type=\"lettery-buttons.default\">\n\t\t\t\t<div class=\"elementor-widget-container\">\n\t\t\t\t\t\t\t\n\t\t\t\t<!-- buttons -->\n\t\t<div class=\"mil-appearance\">\n\t\t\t\t\t\t\t\t\t<a href=\"\/blog\" class=\"mil-link-hover\">\n\t\t\t\t<span >\n\t\t\t\t\tDIENSTLEISTUNGEN\t\t\t\t<\/span>\n\t\t\t<\/a>\n\t\t\t\t\t\t\t\t<\/div>\n\t\t<!-- buttons end -->\n\t\t\n\t\t\t\t\t\t<\/div>\n\t\t\t\t<\/div>\n\t\t\t\t\t<\/div>\n\t\t<\/div>\n\t\t\t\t\t<\/div>\n\t\t<\/section>\n\t\t\t\t<section class=\"elementor-section elementor-top-section elementor-element elementor-element-7a8e9e4 elementor-section-full_width elementor-section-height-default elementor-section-height-default\" data-id=\"7a8e9e4\" data-element_type=\"section\" data-e-type=\"section\">\n\t\t\t\t\t\t<div class=\"elementor-container elementor-column-gap-no\">\n\t\t\t\t\t<div class=\"elementor-column elementor-col-100 elementor-top-column elementor-element elementor-element-865735d\" data-id=\"865735d\" data-element_type=\"column\" data-e-type=\"column\">\n\t\t\t<div class=\"elementor-widget-wrap elementor-element-populated\">\n\t\t\t\t\t\t<div class=\"elementor-element elementor-element-835048f elementor-widget elementor-widget-lettery-blog-grid\" data-id=\"835048f\" data-element_type=\"widget\" data-e-type=\"widget\" data-widget_type=\"lettery-blog-grid.default\">\n\t\t\t\t<div class=\"elementor-widget-container\">\n\t\t\t\t\t\n\t\t<!-- blog -->\n\t\t<div class=\"mil-blog-section\">\n            <div class=\"container\">\t\t\t\t\n                <div class=\"row js-blog \">\n\t\t\t\t\t\n<h2 class=\"mil-h4 mil-mb-15\">Nothing Found<\/h2>\n<div class=\"mil-text mil-mb-30\">\n\t\t<p>It seems we can&rsquo;t find what you&rsquo;re looking for. Perhaps searching can help.<\/p>\n  <\/div>\n                    \n                <\/div>\n            <\/div>\n        <\/div>\n\t\t<!-- blog end -->\n\n\t\t\t\t\t\t<\/div>\n\t\t\t\t<\/div>\n\t\t\t\t\t<\/div>\n\t\t<\/div>\n\t\t\t\t\t<\/div>\n\t\t<\/section>\n\t\t\t\t<section class=\"elementor-section elementor-top-section elementor-element elementor-element-17bc705 elementor-section-full_width elementor-section-height-default elementor-section-height-default\" data-id=\"17bc705\" data-element_type=\"section\" data-e-type=\"section\">\n\t\t\t\t\t\t<div class=\"elementor-container elementor-column-gap-no\">\n\t\t\t\t\t<div class=\"elementor-column elementor-col-100 elementor-top-column elementor-element elementor-element-1f1dbb6\" data-id=\"1f1dbb6\" data-element_type=\"column\" data-e-type=\"column\">\n\t\t\t<div class=\"elementor-widget-wrap elementor-element-populated\">\n\t\t\t\t\t\t<div class=\"elementor-element elementor-element-1a67da2 elementor-widget elementor-widget-lettery-subscribe\" data-id=\"1a67da2\" data-element_type=\"widget\" data-e-type=\"widget\" data-widget_type=\"lettery-subscribe.default\">\n\t\t\t\t<div class=\"elementor-widget-container\">\n\t\t\t\t\t\n\t\t<div class=\"mil-subscribe-1\">\n\t\t\t<div class=\"container mil-p-0-90\">\n\t\t\t\t<div class=\"row align-items-center justify-content-between\">\n\t\t\t\t\t\t\t\t\t\t<div class=\"col-lg-3\">\n\t\t\t\t\t\t<h4 class=\"mil-appearance mil-mb-30\">\n\t\t\t\t\t\t\t<span >\n\t\t\t\t\t\t\t\tNewsletter\t\t\t\t\t\t\t<\/span>\n\t\t\t\t\t\t<\/h4>\n\t\t\t\t\t<\/div>\n\t\t\t\t\t\n\t\t\t\t\t\t\t\t\t\t<div class=\"col-lg-9\">\n\t\t\t\t\t\t\n<div class=\"wpcf7 no-js\" id=\"wpcf7-f131-o1\" lang=\"en-US\" dir=\"ltr\" data-wpcf7-id=\"131\">\n<div class=\"screen-reader-response\"><p role=\"status\" aria-live=\"polite\" aria-atomic=\"true\"><\/p> <ul><\/ul><\/div>\n<form action=\"\/index.php?rest_route=%2Fwp%2Fv2%2Fpages%2F454#wpcf7-f131-o1\" method=\"post\" class=\"wpcf7-form init\" aria-label=\"Contact form\" novalidate=\"novalidate\" data-status=\"init\">\n<fieldset class=\"hidden-fields-container\"><input type=\"hidden\" name=\"_wpcf7\" value=\"131\" \/><input type=\"hidden\" name=\"_wpcf7_version\" value=\"6.1.5\" \/><input type=\"hidden\" name=\"_wpcf7_locale\" value=\"en_US\" \/><input type=\"hidden\" name=\"_wpcf7_unit_tag\" value=\"wpcf7-f131-o1\" \/><input type=\"hidden\" name=\"_wpcf7_container_post\" value=\"0\" \/><input type=\"hidden\" name=\"_wpcf7_posted_data_hash\" value=\"\" \/>\n<\/fieldset>\n<div class=\"row align-items-center justify-content-between\">\t\t\t\t\t\t\t\n  <div class=\"col-lg-7\">\n    <div class=\"mil-styled-input mil-appearance mil-hidden-trigger mil-mb-30\">\n      <span class=\"wpcf7-form-control-wrap\" data-name=\"sf_email\"><input size=\"40\" maxlength=\"400\" class=\"wpcf7-form-control wpcf7-email wpcf7-validates-as-required wpcf7-text wpcf7-validates-as-email mil-link\" aria-required=\"true\" aria-invalid=\"false\" value=\"\" type=\"email\" name=\"sf_email\" \/><\/span>\n      <label class=\"mil-link\">Your Email<\/label>\n      <span><\/span>\n    <\/div>\n  <\/div>\n  <div class=\"col-lg-3\">\n    <div class=\"mil-appearance\">\n      <button type=\"submit\" class=\"mil-button mil-button-md mil-scale-down-trigger mil-mb-30\">Subscribe<\/button>\n    <\/div>\n  <\/div>\n<\/div><div class=\"wpcf7-response-output\" aria-hidden=\"true\"><\/div>\n<\/form>\n<\/div>\n\t\t\t\t\t<\/div>\n\t\t\t\t\t\t\t\t\t<\/div>\n\t\t\t<\/div>\n\t\t<\/div>\n\n\t\t\t\t\t\t<\/div>\n\t\t\t\t<\/div>\n\t\t\t\t\t<\/div>\n\t\t<\/div>\n\t\t\t\t\t<\/div>\n\t\t<\/section>\n\t\t\t\t<\/div>\n\t\t","protected":false},"excerpt":{"rendered":"<p>uNSERE GESCHICHTE IMPRESSUM Anschrift: Mehmed Paji\u0107 LEM Design &#8211; K\u00fcche und M\u00f6bel Kontaktm\u00f6glichkeiten: info@.lem-design.at +43 6765811993 About us &#8211; About.. <span class=\"mil-el-more\"><a href=\"https:\/\/lem-design.at\/?page_id=454\" class=\"mil-button mil-button-lg\"><span>Read more<\/span><\/a><\/span><\/p>\n","protected":false},"author":1,"featured_media":0,"parent":0,"menu_order":0,"comment_status":"closed","ping_status":"closed","template":"template-layout-builder.php","meta":{"_acf_changed":false,"om_disable_all_campaigns":false,"_monsterinsights_skip_tracking":false,"_monsterinsights_sitenote_active":false,"_monsterinsights_sitenote_note":"","_monsterinsights_sitenote_category":0,"footnotes":""},"class_list":["post-454","page","type-page","status-publish","hentry"],"acf":[],"aioseo_notices":[],"_links":{"self":[{"href":"https:\/\/lem-design.at\/index.php?rest_route=\/wp\/v2\/pages\/454","targetHints":{"allow":["GET"]}}],"collection":[{"href":"https:\/\/lem-design.at\/index.php?rest_route=\/wp\/v2\/pages"}],"about":[{"href":"https:\/\/lem-design.at\/index.php?rest_route=\/wp\/v2\/types\/page"}],"author":[{"embeddable":true,"href":"https:\/\/lem-design.at\/index.php?rest_route=\/wp\/v2\/users\/1"}],"replies":[{"embeddable":true,"href":"https:\/\/lem-design.at\/index.php?rest_route=%2Fwp%2Fv2%2Fcomments&post=454"}],"version-history":[{"count":12,"href":"https:\/\/lem-design.at\/index.php?rest_route=\/wp\/v2\/pages\/454\/revisions"}],"predecessor-version":[{"id":2574,"href":"https:\/\/lem-design.at\/index.php?rest_route=\/wp\/v2\/pages\/454\/revisions\/2574"}],"wp:attachment":[{"href":"https:\/\/lem-design.at\/index.php?rest_route=%2Fwp%2Fv2%2Fmedia&parent=454"}],"curies":[{"name":"wp","href":"https:\/\/api.w.org\/{rel}","templated":true}]}}